{"id":6,"date":"2020-07-20T19:40:36","date_gmt":"2020-07-20T19:40:36","guid":{"rendered":"https:\/\/colivie.com\/?page_id=6"},"modified":"2025-03-18T12:56:30","modified_gmt":"2025-03-18T12:56:30","slug":"inicio-colivie","status":"publish","type":"page","link":"https:\/\/colivie.com\/","title":{"rendered":"Inicio &#8211; Colivie"},"content":{"rendered":"\t\t<div data-elementor-type=\"wp-page\" data-elementor-id=\"6\" class=\"elementor elementor-6\" data-elementor-settings=\"[]\">\n\t\t\t\t\t\t<div class=\"elementor-inner\">\n\t\t\t\t\t\t\t<div class=\"elementor-section-wrap\">\n\t\t\t\t\t\t\t<section class=\"elementor-section elementor-top-section elementor-element elementor-element-898070a elementor-section-boxed elementor-section-height-default elementor-section-height-default\" data-id=\"898070a\" data-element_type=\"section\">\n\t\t\t\t\t\t<div class=\"elementor-container elementor-column-gap-default\">\n\t\t\t\t\t\t\t<div class=\"elementor-row\">\n\t\t\t\t\t<div class=\"elementor-column elementor-col-50 elementor-top-column elementor-element elementor-element-72051ec\" data-id=\"72051ec\" data-element_type=\"column\">\n\t\t\t<div class=\"elementor-column-wrap elementor-element-populated\">\n\t\t\t\t\t\t\t<div class=\"elementor-widget-wrap\">\n\t\t\t\t\t\t<div class=\"elementor-element elementor-element-67b3a8d elementor-widget elementor-widget-image\" data-id=\"67b3a8d\" data-element_type=\"widget\" data-widget_type=\"image.default\">\n\t\t\t\t<div class=\"elementor-widget-container\">\n\t\t\t\t\t<div class=\"elementor-image\">\n\t\t\t\t\t\t\t\t\t\t<img width=\"355\" height=\"374\" src=\"https:\/\/colivie.com\/wp-content\/uploads\/2020\/07\/logo-colivie-transparente.png\" class=\"attachment-large size-large\" alt=\"\" loading=\"lazy\" srcset=\"https:\/\/colivie.com\/wp-content\/uploads\/2020\/07\/logo-colivie-transparente.png 355w, https:\/\/colivie.com\/wp-content\/uploads\/2020\/07\/logo-colivie-transparente-285x300.png 285w\" sizes=\"(max-width: 355px) 100vw, 355px\" \/>\t\t\t\t\t\t\t\t\t\t\t<\/div>\n\t\t\t\t<\/div>\n\t\t\t\t<\/div>\n\t\t\t\t<div class=\"elementor-element elementor-element-b909165 elementor-widget elementor-widget-spacer\" data-id=\"b909165\" data-element_type=\"widget\" data-widget_type=\"spacer.default\">\n\t\t\t\t<div class=\"elementor-widget-container\">\n\t\t\t\t\t<div class=\"elementor-spacer\">\n\t\t\t<div class=\"elementor-spacer-inner\"><\/div>\n\t\t<\/div>\n\t\t\t\t<\/div>\n\t\t\t\t<\/div>\n\t\t\t\t<div class=\"elementor-element elementor-element-9f9d360 elementor-widget elementor-widget-text-editor\" data-id=\"9f9d360\" data-element_type=\"widget\" data-widget_type=\"text-editor.default\">\n\t\t\t\t<div class=\"elementor-widget-container\">\n\t\t\t\t\t<div class=\"elementor-text-editor elementor-clearfix\"><p>11 de Septiembre 526\u00a0 Ciudadela (B1704GQL)<br \/>Provincia de Buenos Aires<br \/>Tel\u00e9fono: 011 4653-1033<\/p><\/div>\n\t\t\t\t<\/div>\n\t\t\t\t<\/div>\n\t\t\t\t\t\t<\/div>\n\t\t\t\t\t<\/div>\n\t\t<\/div>\n\t\t\t\t<div class=\"elementor-column elementor-col-50 elementor-top-column elementor-element elementor-element-7b16650\" data-id=\"7b16650\" data-element_type=\"column\">\n\t\t\t<div class=\"elementor-column-wrap elementor-element-populated\">\n\t\t\t\t\t\t\t<div class=\"elementor-widget-wrap\">\n\t\t\t\t\t\t<div class=\"elementor-element elementor-element-fc4e9c5 eael-wpforms-labels-yes eael-wpforms-form-button-custom elementor-widget elementor-widget-eael-wpforms\" data-id=\"fc4e9c5\" data-element_type=\"widget\" data-widget_type=\"eael-wpforms.default\">\n\t\t\t\t<div class=\"elementor-widget-container\">\n\t\t\t            <div class=\"eael-contact-form eael-wpforms placeholder-hide eael-contact-form-align-default\">\n                                <div class=\"wpforms-container wpforms-container-full\" id=\"wpforms-36\"><form id=\"wpforms-form-36\" class=\"wpforms-validate wpforms-form\" data-formid=\"36\" method=\"post\" enctype=\"multipart\/form-data\" action=\"\/index.php\/wp-json\/wp\/v2\/pages\/6\" data-token=\"45f91e9409a026317bf2a2221f67355d\" data-token-time=\"1778822859\"><noscript class=\"wpforms-error-noscript\">Por favor, activa JavaScript en tu navegador para completar este formulario.<\/noscript><div class=\"wpforms-field-container\"><div id=\"wpforms-36-field_5-container\" class=\"wpforms-field wpforms-field-text\" data-field-id=\"5\"><label class=\"wpforms-field-label\" for=\"wpforms-36-field_5\">Nombre y Apellido <span class=\"wpforms-required-label\">*<\/span><\/label><input type=\"text\" id=\"wpforms-36-field_5\" class=\"wpforms-field-medium wpforms-field-required\" name=\"wpforms[fields][5]\" required><\/div><div id=\"wpforms-36-field_1-container\" class=\"wpforms-field wpforms-field-email\" data-field-id=\"1\"><label class=\"wpforms-field-label\" for=\"wpforms-36-field_1\">Correo electr\u00f3nico <span class=\"wpforms-required-label\">*<\/span><\/label><input type=\"email\" id=\"wpforms-36-field_1\" class=\"wpforms-field-medium wpforms-field-required\" name=\"wpforms[fields][1]\" spellcheck=\"false\" required><\/div><div id=\"wpforms-36-field_4-container\" class=\"wpforms-field wpforms-field-number\" data-field-id=\"4\"><label class=\"wpforms-field-label\" for=\"wpforms-36-field_4\">Tel\u00e9fono <span class=\"wpforms-required-label\">*<\/span><\/label><input type=\"number\" id=\"wpforms-36-field_4\" class=\"wpforms-field-medium wpforms-field-required\" name=\"wpforms[fields][4]\" required><\/div><div id=\"wpforms-36-field_9-container\" class=\"wpforms-field wpforms-field-checkbox\" data-field-id=\"9\"><label class=\"wpforms-field-label wpforms-label-hide\" for=\"wpforms-36-field_9\">Casillas de verificaci\u00f3n<\/label><ul id=\"wpforms-36-field_9\"><li class=\"choice-1 depth-1\"><input type=\"checkbox\" id=\"wpforms-36-field_9_1\" name=\"wpforms[fields][9][]\" value=\"Deseo recibir el Cat\u00e1logo\"  ><label class=\"wpforms-field-label-inline\" for=\"wpforms-36-field_9_1\">Deseo recibir el Cat\u00e1logo<\/label><\/li><\/ul><\/div><div id=\"wpforms-36-field_2-container\" class=\"wpforms-field wpforms-field-textarea\" data-field-id=\"2\"><label class=\"wpforms-field-label\" for=\"wpforms-36-field_2\">Comentario o mensaje <span class=\"wpforms-required-label\">*<\/span><\/label><textarea id=\"wpforms-36-field_2\" class=\"wpforms-field-medium wpforms-field-required\" name=\"wpforms[fields][2]\" required><\/textarea><\/div><\/div><!-- .wpforms-field-container --><div class=\"wpforms-field wpforms-field-hp\"><label for=\"wpforms-36-field-hp\" class=\"wpforms-field-label\">Email<\/label><input type=\"text\" name=\"wpforms[hp]\" id=\"wpforms-36-field-hp\" class=\"wpforms-field-medium\"><\/div><div class=\"wpforms-recaptcha-container wpforms-is-recaptcha wpforms-is-recaptcha-type-v2\" ><div class=\"g-recaptcha\" data-sitekey=\"6LeS9ZEpAAAAAFejeCuN_jR-dlgvvSebOw1ye5L_\"><\/div><input type=\"text\" name=\"g-recaptcha-hidden\" class=\"wpforms-recaptcha-hidden\" style=\"position:absolute!important;clip:rect(0,0,0,0)!important;height:1px!important;width:1px!important;border:0!important;overflow:hidden!important;padding:0!important;margin:0!important;\" data-rule-recaptcha=\"1\"><\/div><div class=\"wpforms-submit-container\" ><input type=\"hidden\" name=\"wpforms[id]\" value=\"36\"><input type=\"hidden\" name=\"page_title\" value=\"\"><input type=\"hidden\" name=\"page_url\" value=\"https:\/\/colivie.com\/index.php\/wp-json\/wp\/v2\/pages\/6\"><button type=\"submit\" name=\"wpforms[submit]\" id=\"wpforms-submit-36\" class=\"wpforms-submit\" data-alt-text=\"Enviando...\" data-submit-text=\"Enviar\" aria-live=\"assertive\" value=\"wpforms-submit\">Enviar<\/button><\/div><\/form><\/div>  <!-- .wpforms-container -->            <\/div>\n\t\t<\/div>\n\t\t\t\t<\/div>\n\t\t\t\t\t\t<\/div>\n\t\t\t\t\t<\/div>\n\t\t<\/div>\n\t\t\t\t\t\t\t\t<\/div>\n\t\t\t\t\t<\/div>\n\t\t<\/section>\n\t\t\t\t<section class=\"elementor-section elementor-top-section elementor-element elementor-element-72d4f62 elementor-section-boxed elementor-section-height-default elementor-section-height-default\" data-id=\"72d4f62\" data-element_type=\"section\">\n\t\t\t\t\t\t<div class=\"elementor-container elementor-column-gap-default\">\n\t\t\t\t\t\t\t<div class=\"elementor-row\">\n\t\t\t\t\t<div class=\"elementor-column elementor-col-100 elementor-top-column elementor-element elementor-element-0dbd83c\" data-id=\"0dbd83c\" data-element_type=\"column\">\n\t\t\t<div class=\"elementor-column-wrap elementor-element-populated\">\n\t\t\t\t\t\t\t<div class=\"elementor-widget-wrap\">\n\t\t\t\t\t\t<div class=\"elementor-element elementor-element-d79daf5 elementor-widget-divider--view-line elementor-widget elementor-widget-divider\" data-id=\"d79daf5\" data-element_type=\"widget\" data-widget_type=\"divider.default\">\n\t\t\t\t<div class=\"elementor-widget-container\">\n\t\t\t\t\t<div class=\"elementor-divider\">\n\t\t\t<span class=\"elementor-divider-separator\">\n\t\t\t\t\t\t<\/span>\n\t\t<\/div>\n\t\t\t\t<\/div>\n\t\t\t\t<\/div>\n\t\t\t\t<div class=\"elementor-element elementor-element-d46a8bc elementor-widget elementor-widget-text-editor\" data-id=\"d46a8bc\" data-element_type=\"widget\" data-widget_type=\"text-editor.default\">\n\t\t\t\t<div class=\"elementor-widget-container\">\n\t\t\t\t\t<div class=\"elementor-text-editor elementor-clearfix\"><p><em>Desarrollada por <strong><a href=\"https:\/\/IT-Soluciones.com.ar\" target=\"_blank\" rel=\"noopener\">IT-Soluciones.com.ar<\/a><\/strong><\/em><\/p><\/div>\n\t\t\t\t<\/div>\n\t\t\t\t<\/div>\n\t\t\t\t\t\t<\/div>\n\t\t\t\t\t<\/div>\n\t\t<\/div>\n\t\t\t\t\t\t\t\t<\/div>\n\t\t\t\t\t<\/div>\n\t\t<\/section>\n\t\t\t\t\t\t<\/div>\n\t\t\t\t\t\t<\/div>\n\t\t\t\t\t<\/div>\n\t\t","protected":false},"excerpt":{"rendered":"<p>11 de Septiembre 526\u00a0 Ciudadela (B1704GQL)Provincia de Buenos AiresTel\u00e9fono: 011 4653-1033 Por favor, activa JavaScript en tu navegador para completar este formulario.Nombre y Apellido *Correo electr\u00f3nico *Tel\u00e9fono *Casillas de verificaci\u00f3n Deseo recibir el Cat\u00e1logo Comentario o mensaje *Name Enviar Desarrollada por IT-Soluciones.com.ar<\/p>\n","protected":false},"author":1,"featured_media":9,"parent":0,"menu_order":0,"comment_status":"closed","ping_status":"closed","template":"elementor_canvas","meta":[],"yoast_head":"<!-- This site is optimized with the Yoast SEO plugin v15.5 - https:\/\/yoast.com\/wordpress\/plugins\/seo\/ -->\n<title>Inicio - Colivie &ndash; Colivie S.A.<\/title>\n<meta name=\"robots\" content=\"index, follow, max-snippet:-1, max-image-preview:large, max-video-preview:-1\" \/>\n<link rel=\"canonical\" href=\"https:\/\/colivie.com\/\" \/>\n<meta property=\"og:locale\" content=\"es_ES\" \/>\n<meta property=\"og:type\" content=\"article\" \/>\n<meta property=\"og:title\" content=\"Inicio - Colivie &ndash; Colivie S.A.\" \/>\n<meta property=\"og:description\" content=\"11 de Septiembre 526\u00a0 Ciudadela (B1704GQL)Provincia de Buenos AiresTel\u00e9fono: 011 4653-1033 Por favor, activa JavaScript en tu navegador para completar este formulario.Nombre y Apellido *Correo electr\u00f3nico *Tel\u00e9fono *Casillas de verificaci\u00f3n Deseo recibir el Cat\u00e1logo Comentario o mensaje *Name Enviar Desarrollada por IT-Soluciones.com.ar\" \/>\n<meta property=\"og:url\" content=\"https:\/\/colivie.com\/\" \/>\n<meta property=\"og:site_name\" content=\"Colivie S.A.\" \/>\n<meta property=\"article:publisher\" content=\"https:\/\/www.facebook.com\/ColivieSa\/\" \/>\n<meta property=\"article:modified_time\" content=\"2025-03-18T12:56:30+00:00\" \/>\n<meta property=\"og:image\" content=\"https:\/\/colivie.com\/wp-content\/uploads\/2020\/07\/Colivie.jpg\" \/>\n\t<meta property=\"og:image:width\" content=\"355\" \/>\n\t<meta property=\"og:image:height\" content=\"374\" \/>\n<meta name=\"twitter:card\" content=\"summary_large_image\" \/>\n<meta name=\"twitter:label1\" content=\"Tiempo de lectura\">\n\t<meta name=\"twitter:data1\" content=\"0 minutos\">\n<script type=\"application\/ld+json\" class=\"yoast-schema-graph\">{\"@context\":\"https:\/\/schema.org\",\"@graph\":[{\"@type\":\"Organization\",\"@id\":\"https:\/\/colivie.com\/#organization\",\"name\":\"Colivie S.A.\",\"url\":\"https:\/\/colivie.com\/\",\"sameAs\":[\"https:\/\/www.facebook.com\/ColivieSa\/\"],\"logo\":{\"@type\":\"ImageObject\",\"@id\":\"https:\/\/colivie.com\/#logo\",\"inLanguage\":\"es\",\"url\":\"https:\/\/colivie.com\/wp-content\/uploads\/2020\/07\/Colivie.jpg\",\"width\":355,\"height\":374,\"caption\":\"Colivie S.A.\"},\"image\":{\"@id\":\"https:\/\/colivie.com\/#logo\"}},{\"@type\":\"WebSite\",\"@id\":\"https:\/\/colivie.com\/#website\",\"url\":\"https:\/\/colivie.com\/\",\"name\":\"Colivie S.A.\",\"description\":\"La marca del el\\u00e1stico desde 1970\",\"publisher\":{\"@id\":\"https:\/\/colivie.com\/#organization\"},\"potentialAction\":[{\"@type\":\"SearchAction\",\"target\":\"https:\/\/colivie.com\/?s={search_term_string}\",\"query-input\":\"required name=search_term_string\"}],\"inLanguage\":\"es\"},{\"@type\":\"ImageObject\",\"@id\":\"https:\/\/colivie.com\/#primaryimage\",\"inLanguage\":\"es\",\"url\":\"https:\/\/colivie.com\/wp-content\/uploads\/2020\/07\/Colivie.jpg\",\"width\":355,\"height\":374},{\"@type\":\"WebPage\",\"@id\":\"https:\/\/colivie.com\/#webpage\",\"url\":\"https:\/\/colivie.com\/\",\"name\":\"Inicio - Colivie &ndash; Colivie S.A.\",\"isPartOf\":{\"@id\":\"https:\/\/colivie.com\/#website\"},\"primaryImageOfPage\":{\"@id\":\"https:\/\/colivie.com\/#primaryimage\"},\"datePublished\":\"2020-07-20T19:40:36+00:00\",\"dateModified\":\"2025-03-18T12:56:30+00:00\",\"inLanguage\":\"es\",\"potentialAction\":[{\"@type\":\"ReadAction\",\"target\":[\"https:\/\/colivie.com\/\"]}]}]}<\/script>\n<!-- \/ Yoast SEO plugin. -->","_links":{"self":[{"href":"https:\/\/colivie.com\/index.php\/wp-json\/wp\/v2\/pages\/6"}],"collection":[{"href":"https:\/\/colivie.com\/index.php\/wp-json\/wp\/v2\/pages"}],"about":[{"href":"https:\/\/colivie.com\/index.php\/wp-json\/wp\/v2\/types\/page"}],"author":[{"embeddable":true,"href":"https:\/\/colivie.com\/index.php\/wp-json\/wp\/v2\/users\/1"}],"replies":[{"embeddable":true,"href":"https:\/\/colivie.com\/index.php\/wp-json\/wp\/v2\/comments?post=6"}],"version-history":[{"count":10,"href":"https:\/\/colivie.com\/index.php\/wp-json\/wp\/v2\/pages\/6\/revisions"}],"predecessor-version":[{"id":54,"href":"https:\/\/colivie.com\/index.php\/wp-json\/wp\/v2\/pages\/6\/revisions\/54"}],"wp:featuredmedia":[{"embeddable":true,"href":"https:\/\/colivie.com\/index.php\/wp-json\/wp\/v2\/media\/9"}],"wp:attachment":[{"href":"https:\/\/colivie.com\/index.php\/wp-json\/wp\/v2\/media?parent=6"}],"curies":[{"name":"wp","href":"https:\/\/api.w.org\/{rel}","templated":true}]}}